{"id":168,"date":"2023-02-13T08:47:11","date_gmt":"2023-02-13T08:47:11","guid":{"rendered":"http:\/\/localhost:8080\/cameradinhvi\/?page_id=168"},"modified":"2023-02-13T08:47:11","modified_gmt":"2023-02-13T08:47:11","slug":"huong-dan-su-dung-camera","status":"publish","type":"page","link":"https:\/\/camera.linhnguyenco.com\/?page_id=168","title":{"rendered":"H\u01b0\u1edbng d\u1eabn s\u1eed d\u1ee5ng camera"},"content":{"rendered":"<p>D\u01b0\u1edbi \u0111\u00e2y l\u00e0 danh s\u00e1ch c\u00e1c camera, m\u1eddi b\u1ea1n ch\u1ecdn \u0111\u00fang s\u1ea3n ph\u1ea9m m\u00e0 b\u1ea1n c\u1ea7n h\u01b0\u1edbng d\u1eabn c\u00e0i \u0111\u1eb7t chi ti\u1ebft nh\u1ea5t nh\u00e9:<\/p>\n","protected":false},"excerpt":{"rendered":"<p>D\u01b0\u1edbi \u0111\u00e2y l\u00e0 danh s\u00e1ch c\u00e1c camera, m\u1eddi b\u1ea1n ch\u1ecdn \u0111\u00fang s\u1ea3n ph\u1ea9m m\u00e0 b\u1ea1n c\u1ea7n h\u01b0\u1edbng d\u1eabn c\u00e0i \u0111\u1eb7t chi ti\u1ebft nh\u1ea5t nh\u00e9:<\/p>\n","protected":false},"author":1,"featured_media":0,"parent":0,"menu_order":0,"comment_status":"closed","ping_status":"closed","template":"","meta":{"footnotes":""},"_links":{"self":[{"href":"https:\/\/camera.linhnguyenco.com\/index.php?rest_route=\/wp\/v2\/pages\/168"}],"collection":[{"href":"https:\/\/camera.linhnguyenco.com\/index.php?rest_route=\/wp\/v2\/pages"}],"about":[{"href":"https:\/\/camera.linhnguyenco.com\/index.php?rest_route=\/wp\/v2\/types\/page"}],"author":[{"embeddable":true,"href":"https:\/\/camera.linhnguyenco.com\/index.php?rest_route=\/wp\/v2\/users\/1"}],"replies":[{"embeddable":true,"href":"https:\/\/camera.linhnguyenco.com\/index.php?rest_route=%2Fwp%2Fv2%2Fcomments&post=168"}],"version-history":[{"count":1,"href":"https:\/\/camera.linhnguyenco.com\/index.php?rest_route=\/wp\/v2\/pages\/168\/revisions"}],"predecessor-version":[{"id":169,"href":"https:\/\/camera.linhnguyenco.com\/index.php?rest_route=\/wp\/v2\/pages\/168\/revisions\/169"}],"wp:attachment":[{"href":"https:\/\/camera.linhnguyenco.com\/index.php?rest_route=%2Fwp%2Fv2%2Fmedia&parent=168"}],"curies":[{"name":"wp","href":"https:\/\/api.w.org\/{rel}","templated":true}]}}