{"id":30,"date":"2023-02-13T03:27:20","date_gmt":"2023-02-13T03:27:20","guid":{"rendered":"http:\/\/localhost:8080\/cameradinhvi\/?post_type=product&#038;p=30"},"modified":"2023-02-13T03:27:20","modified_gmt":"2023-02-13T03:27:20","slug":"dinh-vi-protrack-g8-mini","status":"publish","type":"product","link":"https:\/\/camera.linhnguyenco.com\/?product=dinh-vi-protrack-g8-mini","title":{"rendered":"\u0110\u1ecbnh V\u1ecb PROTRACK G8 Mini"},"content":{"rendered":"<p><em><strong>Thi\u1ebft B\u1ecb \u0110\u1ecbnh V\u1ecb PROTRACK G8 Mini<\/strong><\/em>\u00a0l\u00e0 s\u1ea3n ph\u1ea9m \u0111\u1ecbnh v\u1ecb kh\u00f4ng d\u00e2y k\u00edch th\u01b0\u1edbc nh\u1ecf nh\u1ea5t tr\u00ean th\u1ecb tr\u01b0\u1eddng.<\/p>\n<p><strong>Thi\u1ebft B\u1ecb \u0110\u1ecbnh V\u1ecb PROTRACK G8 Mini<\/strong>\u00a0l\u00e0 s\u1ea3n ph\u1ea9m \u0111\u1ecbnh v\u1ecb nghe l\u00e9n xu\u1ea5t x\u1ee9 Trung Qu\u1ed1c. C\u1ee7a c\u00f4ng ty Shenzhen Information Technology Co.Ltd c\u00f3 tr\u1ee5 s\u1edf t\u1ea1i thung l\u0169ng silicon Th\u00e2m Quy\u1ebfn.<\/p>\n<p><strong>Thi\u1ebft B\u1ecb \u0110\u1ecbnh V\u1ecb PROTRACK G8 Mini<\/strong>\u00a0s\u1eed d\u1ee5ng n\u1ec1n t\u1ea3ng \u1ee9ng d\u1ee5ng \u0111\u1ecbnh v\u1ecb s\u1ed1 1 th\u1ebf gi\u1edbi\u00a0<strong>Protrack<\/strong>.<\/p>\n","protected":false},"excerpt":{"rendered":"<p>Thi\u1ebft B\u1ecb \u0110\u1ecbnh V\u1ecb PROTRACK G8 Mini\u00a0l\u00e0 s\u1ea3n ph\u1ea9m \u0111\u1ecbnh v\u1ecb kh\u00f4ng d\u00e2y k\u00edch th\u01b0\u1edbc nh\u1ecf nh\u1ea5t tr\u00ean th\u1ecb tr\u01b0\u1eddng. Thi\u1ebft B\u1ecb \u0110\u1ecbnh V\u1ecb PROTRACK G8 Mini\u00a0l\u00e0 s\u1ea3n ph\u1ea9m \u0111\u1ecbnh v\u1ecb nghe l\u00e9n xu\u1ea5t x\u1ee9 Trung Qu\u1ed1c. C\u1ee7a c\u00f4ng ty Shenzhen Information Technology Co.Ltd c\u00f3 tr\u1ee5 s\u1edf t\u1ea1i thung l\u0169ng silicon Th\u00e2m Quy\u1ebfn. Thi\u1ebft B\u1ecb&#8230;<\/p>\n","protected":false},"featured_media":31,"comment_status":"open","ping_status":"closed","template":"","meta":[],"product_cat":[24],"product_tag":[],"_links":{"self":[{"href":"https:\/\/camera.linhnguyenco.com\/index.php?rest_route=\/wp\/v2\/product\/30"}],"collection":[{"href":"https:\/\/camera.linhnguyenco.com\/index.php?rest_route=\/wp\/v2\/product"}],"about":[{"href":"https:\/\/camera.linhnguyenco.com\/index.php?rest_route=\/wp\/v2\/types\/product"}],"replies":[{"embeddable":true,"href":"https:\/\/camera.linhnguyenco.com\/index.php?rest_route=%2Fwp%2Fv2%2Fcomments&post=30"}],"wp:featuredmedia":[{"embeddable":true,"href":"https:\/\/camera.linhnguyenco.com\/index.php?rest_route=\/wp\/v2\/media\/31"}],"wp:attachment":[{"href":"https:\/\/camera.linhnguyenco.com\/index.php?rest_route=%2Fwp%2Fv2%2Fmedia&parent=30"}],"wp:term":[{"taxonomy":"product_cat","embeddable":true,"href":"https:\/\/camera.linhnguyenco.com\/index.php?rest_route=%2Fwp%2Fv2%2Fproduct_cat&post=30"},{"taxonomy":"product_tag","embeddable":true,"href":"https:\/\/camera.linhnguyenco.com\/index.php?rest_route=%2Fwp%2Fv2%2Fproduct_tag&post=30"}],"curies":[{"name":"wp","href":"https:\/\/api.w.org\/{rel}","templated":true}]}}