{"id":74,"date":"2023-02-13T04:20:27","date_gmt":"2023-02-13T04:20:27","guid":{"rendered":"http:\/\/localhost:8080\/cameradinhvi\/?post_type=product&#038;p=74"},"modified":"2023-02-13T08:34:21","modified_gmt":"2023-02-13T08:34:21","slug":"camera-ip-wifi-yoosee-the-he-moi-gw-999r","status":"publish","type":"product","link":"https:\/\/camera.linhnguyenco.com\/?product=camera-ip-wifi-yoosee-the-he-moi-gw-999r","title":{"rendered":"Camera IP Wifi Yoosee Th\u1ebf H\u1ec7 M\u1edbi GW-999R"},"content":{"rendered":"<p>Camera IP Wifi Yoosee Th\u1ebf H\u1ec7 M\u1edbi GW-999R\/W 720p thu\u1ed9c d\u00f2ng camera wifi kh\u00f4ng d\u00e2y c\u1ee7a c\u00f4ng ty Yoosee \u0111\u01b0\u1ee3c l\u1eafp \u0111\u1eb7t trong nh\u00e0, L\u00e0 m\u1ed9t th\u01b0\u01a1ng hi\u1ec7u qu\u00e1 quen thu\u1ed9c v\u1edbi th\u1ecb tr\u01b0\u1eddng Camera gi\u00e1m s\u00e1t gi\u00e1 r\u1ebb \u1edf Vi\u1ec7t Nam. S\u1ea3n ph\u1ea9m n\u00e0y c\u00f3 \u0111i\u1ec3m l\u1ee3i th\u1ebf v\u1ec1 c\u1ea5u h\u00ecnh kh\u1ee7ng nh\u01b0ng gi\u00e1 c\u1ea3 l\u1ea1i v\u00f4 c\u00f9ng m\u1ec1m, Camera Yoosee \u0111\u00e3 v\u00e0 \u0111ang chi\u1ebfm \u0111\u01b0\u1ee3c c\u1ea3m t\u00ecnh c\u1ee7a ng\u01b0\u1eddi ti\u00eau d\u00f9ng. S\u1ea3n ph\u1ea9m Camera IP Wifi Yoosee Th\u1ebf H\u1ec7 M\u1edbi GW-999R\/W 720p m\u00e0 ch\u00fang t\u00f4i gi\u1edbi thi\u1ec7u \u0111\u1ebfn kh\u00e1ch h\u00e0ng h\u00f4m nay l\u00e0 m\u1ed9t phi\u00ean b\u1ea3n camera wifi trong nh\u00e0 th\u1ebf h\u1ec7 m\u1edbi, \u0111\u01b0\u1ee3c c\u1ea3i ti\u1ebfn v\u1ec1 thi\u1ebft k\u1ebf t\u1eeb b\u00ean ngo\u00e0i l\u1eabn b\u00ean trong, n\u00f3 tr\u1edf th\u00e0nh m\u1eabu camera trong nh\u00e0 \u0111\u01b0\u1ee3c r\u1ea5t nhi\u1ec1u ng\u01b0\u1eddi d\u00f9ng tin t\u01b0\u1edfng, \u01b0a chu\u1ed9ng b\u1edf ki\u1ec3u d\u00e1ng b\u1eaft m\u1eaft, g\u1ecdn g\u00e0ng. V\u1edbi c\u1ea3i ti\u1ebfn v\u1ec1 con chip v\u00e0 bo m\u1ea1ch b\u00ean trong, kh\u00f4ng c\u1ea7n anten nh\u01b0 c\u00e1c th\u1ebf h\u1ec7 c\u0169 m\u00e0 v\u1eabn c\u00f3 th\u1ec3 b\u1eaft t\u00edn hi\u1ec7u wifi m\u01b0\u1ee3t m\u00e0 nh\u01b0 c\u00e1c s\u1ea3n ph\u1ea9m c\u00f9ng lo\u1ea1i. \u0110\u1ec3 n\u1eafm \u0111\u01b0\u1ee3c r\u00f5 h\u01a1n nh\u1eefng t\u00ednh n\u0103ng c\u0169ng nh\u01b0 th\u00f4ng s\u1ed1 k\u1ef9 thu\u1eadt c\u1ee7a Camera IP Wifi Yoosee Th\u1ebf H\u1ec7 M\u1edbi GW-999R\/W 720p<\/p>\n","protected":false},"excerpt":{"rendered":"<p>Camera IP Wifi Yoosee Th\u1ebf H\u1ec7 M\u1edbi GW-999R\/W 720p thu\u1ed9c d\u00f2ng camera wifi kh\u00f4ng d\u00e2y c\u1ee7a c\u00f4ng ty Yoosee \u0111\u01b0\u1ee3c l\u1eafp \u0111\u1eb7t trong nh\u00e0, L\u00e0 m\u1ed9t th\u01b0\u01a1ng hi\u1ec7u qu\u00e1 quen thu\u1ed9c v\u1edbi th\u1ecb tr\u01b0\u1eddng Camera gi\u00e1m s\u00e1t gi\u00e1 r\u1ebb \u1edf Vi\u1ec7t Nam. S\u1ea3n ph\u1ea9m n\u00e0y c\u00f3 \u0111i\u1ec3m l\u1ee3i th\u1ebf v\u1ec1 c\u1ea5u h\u00ecnh kh\u1ee7ng nh\u01b0ng gi\u00e1&#8230;<\/p>\n","protected":false},"featured_media":75,"comment_status":"open","ping_status":"closed","template":"","meta":[],"product_cat":[17,19],"product_tag":[],"_links":{"self":[{"href":"https:\/\/camera.linhnguyenco.com\/index.php?rest_route=\/wp\/v2\/product\/74"}],"collection":[{"href":"https:\/\/camera.linhnguyenco.com\/index.php?rest_route=\/wp\/v2\/product"}],"about":[{"href":"https:\/\/camera.linhnguyenco.com\/index.php?rest_route=\/wp\/v2\/types\/product"}],"replies":[{"embeddable":true,"href":"https:\/\/camera.linhnguyenco.com\/index.php?rest_route=%2Fwp%2Fv2%2Fcomments&post=74"}],"wp:featuredmedia":[{"embeddable":true,"href":"https:\/\/camera.linhnguyenco.com\/index.php?rest_route=\/wp\/v2\/media\/75"}],"wp:attachment":[{"href":"https:\/\/camera.linhnguyenco.com\/index.php?rest_route=%2Fwp%2Fv2%2Fmedia&parent=74"}],"wp:term":[{"taxonomy":"product_cat","embeddable":true,"href":"https:\/\/camera.linhnguyenco.com\/index.php?rest_route=%2Fwp%2Fv2%2Fproduct_cat&post=74"},{"taxonomy":"product_tag","embeddable":true,"href":"https:\/\/camera.linhnguyenco.com\/index.php?rest_route=%2Fwp%2Fv2%2Fproduct_tag&post=74"}],"curies":[{"name":"wp","href":"https:\/\/api.w.org\/{rel}","templated":true}]}}