{"id":76,"date":"2023-02-13T04:21:25","date_gmt":"2023-02-13T04:21:25","guid":{"rendered":"http:\/\/localhost:8080\/cameradinhvi\/?post_type=product&#038;p=76"},"modified":"2023-02-13T08:41:59","modified_gmt":"2023-02-13T08:41:59","slug":"camera-wifi-khong-day-ngoai-troi-yoosee-fhd-1080p","status":"publish","type":"product","link":"https:\/\/camera.linhnguyenco.com\/?product=camera-wifi-khong-day-ngoai-troi-yoosee-fhd-1080p","title":{"rendered":"Camera Wifi kh\u00f4ng d\u00e2y ngo\u00e0i tr\u1eddi Yoosee FHD 1080p"},"content":{"rendered":"","protected":false},"excerpt":{"rendered":"","protected":false},"featured_media":77,"comment_status":"open","ping_status":"closed","template":"","meta":[],"product_cat":[18,21,17,19],"product_tag":[],"_links":{"self":[{"href":"https:\/\/camera.linhnguyenco.com\/index.php?rest_route=\/wp\/v2\/product\/76"}],"collection":[{"href":"https:\/\/camera.linhnguyenco.com\/index.php?rest_route=\/wp\/v2\/product"}],"about":[{"href":"https:\/\/camera.linhnguyenco.com\/index.php?rest_route=\/wp\/v2\/types\/product"}],"replies":[{"embeddable":true,"href":"https:\/\/camera.linhnguyenco.com\/index.php?rest_route=%2Fwp%2Fv2%2Fcomments&post=76"}],"wp:featuredmedia":[{"embeddable":true,"href":"https:\/\/camera.linhnguyenco.com\/index.php?rest_route=\/wp\/v2\/media\/77"}],"wp:attachment":[{"href":"https:\/\/camera.linhnguyenco.com\/index.php?rest_route=%2Fwp%2Fv2%2Fmedia&parent=76"}],"wp:term":[{"taxonomy":"product_cat","embeddable":true,"href":"https:\/\/camera.linhnguyenco.com\/index.php?rest_route=%2Fwp%2Fv2%2Fproduct_cat&post=76"},{"taxonomy":"product_tag","embeddable":true,"href":"https:\/\/camera.linhnguyenco.com\/index.php?rest_route=%2Fwp%2Fv2%2Fproduct_tag&post=76"}],"curies":[{"name":"wp","href":"https:\/\/api.w.org\/{rel}","templated":true}]}}